{"id":1541,"date":"2026-02-25T21:11:18","date_gmt":"2026-02-25T21:11:18","guid":{"rendered":"http:\/\/imprezyprywatne.pl\/?page_id=1541"},"modified":"2026-02-26T23:23:00","modified_gmt":"2026-02-26T23:23:00","slug":"urodziny","status":"publish","type":"page","link":"https:\/\/imprezyprywatne.pl\/index.php\/urodziny\/","title":{"rendered":"Urodziny"},"content":{"rendered":"<div data-colibri-id=\"1541-c1\" class=\"style-627 style-local-1541-c1 position-relative\">\n  <!---->\n  <div data-colibri-component=\"section\" data-colibri-id=\"1541-c2\" id=\"about-2\" class=\"h-section h-section-global-spacing d-flex align-items-lg-center align-items-md-center align-items-center style-688 style-local-1541-c2 position-relative\">\n    <!---->\n    <!---->\n    <div class=\"h-section-grid-container h-section-boxed-container\">\n      <!---->\n      <div data-colibri-id=\"1541-c3\" class=\"h-row-container gutters-row-lg-1 gutters-row-md-1 gutters-row-2 gutters-row-v-lg-1 gutters-row-v-md-1 gutters-row-v-2 style-689 style-local-1541-c3 position-relative\">\n        <!---->\n        <div class=\"h-row justify-content-lg-center justify-content-md-center justify-content-center align-items-lg-stretch align-items-md-stretch align-items-stretch gutters-col-lg-1 gutters-col-md-1 gutters-col-2 gutters-col-v-lg-1 gutters-col-v-md-1 gutters-col-v-2\">\n          <!---->\n          <div class=\"h-column h-column-container d-flex h-col-lg-auto h-col-md-auto h-col-auto style-690-outer style-local-1541-c4-outer\">\n            <div data-colibri-id=\"1541-c4\" class=\"d-flex h-flex-basis h-column__inner h-px-lg-2 h-px-md-2 h-px-2 v-inner-lg-2 v-inner-md-2 v-inner-2 style-690 style-local-1541-c4 position-relative\">\n              <!---->\n              <!---->\n              <div class=\"w-100 h-y-container h-column__content h-column__v-align flex-basis-100 align-self-lg-center align-self-md-center align-self-center\">\n                <!---->\n                <div data-colibri-id=\"1541-c5\" class=\"h-global-transition-all h-heading style-691 style-local-1541-c5 position-relative h-element\">\n                  <!---->\n                  <div class=\"h-heading__outer style-691 style-local-1541-c5\">\n                    <!---->\n                    <!---->\n                    <h5 class=\"\"><span data-animation-duration=\"3.9\" data-type-animation=\"rotate-1\" data-colibri-component=\"fancy-title\"><span class=\"ah-headline rotate-1\"><span style=\"position: relative\" class=\"ah-words-wrapper\"><b class=\"is-visible\">URODZINY<\/b><b>BEAUTYFUL&nbsp;18&nbsp;<\/b><b>MOCNE&nbsp;40&nbsp;LAT<\/b><b>30&nbsp;URODZINY<\/b><b>18&nbsp;URODZINY&nbsp;<\/b><b>20&nbsp;URODZINY<\/b><b>CZAS&nbsp;WYPRAWI\u0106<\/b><b>50&nbsp;LAT<\/b><\/span><\/span>\n                      <\/span>\n                    <\/h5>\n                  <\/div>\n                <\/div>\n                <div data-colibri-id=\"1541-c6\" class=\"h-global-transition-all h-heading style-692 style-local-1541-c6 position-relative h-element\">\n                  <!---->\n                  <div class=\"h-heading__outer style-692 style-local-1541-c6\">\n                    <!---->\n                    <!---->\n                    <h2 class=\"\">Studni\u00f3wka\n                      <br>Impreza Firmowa <em style=\"font-family: &quot;Playfair Display&quot;; color: rgb(3, 169, 244);\">Urodziny<\/em><\/h2>\n                  <\/div>\n                <\/div>\n                <div data-colibri-id=\"1541-c7\" class=\"h-lead h-text h-text-component style-693 style-local-1541-c7 position-relative h-element\">\n                  <!---->\n                  <!---->\n                  <div class=\"\">\n                    <p>Dopasowanie muzyki stylu grania sprzetu do sali i typu wydarzenia to prosta sprawa&#8230; Dla nas.&nbsp;<\/p>\n                    <p>By wzmocni\u0107 odbi\u00f3r muzyki, dopasujemy odpowiednie \u015bwiat\u0142a. A w\u0142a\u015bciwie dobrane i ustawione maj\u0105 ogromny potencja\u0142, potrafi\u0105 przeobrazi\u0107 w wyj\u0105tkowe i urokliwe miejsce.<\/p>\n                    <p>\n                      <br>\n                    <\/p>\n                  <\/div>\n                <\/div>\n                <div data-colibri-id=\"1541-c8\" class=\"h-x-container style-694 style-local-1541-c8 position-relative h-element\">\n                  <!---->\n                  <div class=\"h-x-container-inner style-dynamic-1541-c8-group style-694-spacing style-local-1541-c8-spacing\"><span class=\"h-button__outer style-695-outer style-local-1541-c9-outer d-inline-flex h-element\"><a h-use-smooth-scroll=\"true\" href=\"\"  data-colibri-id=\"1541-c9\" class=\"d-flex w-100 align-items-center h-button justify-content-lg-center justify-content-md-center justify-content-center style-695 style-local-1541-c9 position-relative\"><!----><!----> <span>get started now<\/span><\/a>\n                    <\/span>\n                  <\/div>\n                <\/div>\n              <\/div>\n            <\/div>\n          <\/div>\n          <div class=\"h-column h-column-container d-flex h-col-lg-auto h-col-md-auto h-col-auto style-696-outer style-local-1541-c10-outer\">\n            <div data-colibri-id=\"1541-c10\" class=\"d-flex h-flex-basis h-column__inner h-px-lg-2 h-px-md-2 h-px-2 v-inner-lg-2 v-inner-md-2 v-inner-2 style-696 style-local-1541-c10 position-relative\">\n              <!---->\n              <!---->\n              <div class=\"w-100 h-y-container h-column__content h-column__v-align flex-basis-100 align-self-lg-start align-self-md-start align-self-start\">\n                <!---->\n                <div data-colibri-id=\"1541-c11\" class=\"d-block style-697 style-local-1541-c11 position-relative h-element\">\n                  <!---->\n                  <div class=\"h-image__frame-container-outer\">\n                    <div class=\"h-image__frame-container\">\n                      <!---->\n                      <!---->\n                      <img loading=\"lazy\" decoding=\"async\" width=\"1598\" height=\"1150\" src=\"http:\/\/imprezyprywatne.pl\/wp-content\/uploads\/2026\/02\/cropped-20231201_1815081-scaled-1.jpg\" class=\"wp-image-1692 style-697-image style-local-1541-c11-image\" alt=\"\" srcset=\"https:\/\/imprezyprywatne.pl\/wp-content\/uploads\/2026\/02\/cropped-20231201_1815081-scaled-1.jpg 1598w, https:\/\/imprezyprywatne.pl\/wp-content\/uploads\/2026\/02\/cropped-20231201_1815081-scaled-1-300x216.jpg 300w, https:\/\/imprezyprywatne.pl\/wp-content\/uploads\/2026\/02\/cropped-20231201_1815081-scaled-1-1024x737.jpg 1024w, https:\/\/imprezyprywatne.pl\/wp-content\/uploads\/2026\/02\/cropped-20231201_1815081-scaled-1-768x553.jpg 768w, https:\/\/imprezyprywatne.pl\/wp-content\/uploads\/2026\/02\/cropped-20231201_1815081-scaled-1-1536x1105.jpg 1536w\" sizes=\"auto, (max-width: 1598px) 100vw, 1598px\" \/>\n                      <div class=\"h-image__frame h-hide-sm style-697-frameImage style-local-1541-c11-frameImage\"><\/div>\n                    <\/div>\n                  <\/div>\n                <\/div>\n                <div data-colibri-id=\"1541-c12\" class=\"h-row-container gutters-row-lg-2 gutters-row-md-2 gutters-row-0 gutters-row-v-lg-2 gutters-row-v-md-2 gutters-row-v-2 style-937 style-local-1541-c12 position-relative\">\n                  <!---->\n                  <div class=\"h-row justify-content-lg-center justify-content-md-center justify-content-center align-items-lg-stretch align-items-md-stretch align-items-stretch gutters-col-lg-2 gutters-col-md-2 gutters-col-0 gutters-col-v-lg-2 gutters-col-v-md-2 gutters-col-v-2\">\n                    <!---->\n                    <div class=\"h-column h-column-container d-flex h-col-lg-auto h-col-md-auto h-col-auto style-938-outer style-local-1541-c13-outer\">\n                      <div data-colibri-id=\"1541-c13\" class=\"d-flex h-flex-basis h-column__inner h-px-lg-2 h-px-md-2 h-px-2 v-inner-lg-2 v-inner-md-2 v-inner-2 style-938 style-local-1541-c13 position-relative\">\n                        <!---->\n                        <!---->\n                        <div class=\"w-100 h-y-container h-column__content h-column__v-align flex-basis-100 align-self-lg-start align-self-md-start align-self-start\">\n                          <!---->\n                          <div data-colibri-id=\"1541-c15\" class=\"h-text h-text-component style-940 style-local-1541-c15 position-relative h-element\">\n                            <!---->\n                            <!---->\n                            <div class=\"\">\n                              <p>WYBIEERAMY&nbsp;<\/p>\n                              <p>\n                                <br>\n                              <\/p>\n                              <p>DF<\/p>\n                              <p>FS<\/p>\n                              <p>SDSF<\/p>\n                              <p>\n                                <br>\n                              <\/p>\n                              <p>\n                                <br>\n                              <\/p>\n                              <p>\n                                <br>\n                              <\/p>\n                              <p>\n                                <br>\n                              <\/p>\n                              <p>\n                                <br>\n                              <\/p>\n                            <\/div>\n                          <\/div>\n                        <\/div>\n                      <\/div>\n                    <\/div>\n                    <div class=\"h-column h-column-container d-flex h-col-lg-auto h-col-md-auto h-col-auto style-939-outer style-local-1541-c14-outer\">\n                      <div data-colibri-id=\"1541-c14\" class=\"d-flex h-flex-basis h-column__inner h-px-lg-2 h-px-md-2 h-px-2 v-inner-lg-2 v-inner-md-2 v-inner-2 style-939 style-local-1541-c14 position-relative\">\n                        <!---->\n                        <!---->\n                        <div class=\"w-100 h-y-container h-column__content h-column__v-align flex-basis-100 align-self-lg-start align-self-md-start align-self-start\">\n                          <!---->\n                          <div data-colibri-id=\"1541-c16\" class=\"h-text h-text-component style-941 style-local-1541-c16 position-relative h-element\">\n                            <!---->\n                            <!---->\n                            <div class=\"\">\n                              <p>S\u0141OWO <\/p>\n                              <p>S\u0141OWO&nbsp;<\/p>\n                              <p>\n                                <br>\n                              <\/p>\n                              <p>\n                                <br>\n                              <\/p>\n                              <p>\n                                <br>\n                              <\/p>\n                              <p>\n                                <br>\n                              <\/p>\n                              <p>O m<\/p>\n                            <\/div>\n                          <\/div>\n                        <\/div>\n                      <\/div>\n                    <\/div>\n                  <\/div>\n                <\/div>\n              <\/div>\n            <\/div>\n          <\/div>\n        <\/div>\n      <\/div>\n    <\/div>\n  <\/div>\n  <div data-colibri-component=\"section\" data-colibri-id=\"1541-c17\" id=\"overlappable\" class=\"h-section h-section-global-spacing d-flex align-items-lg-center align-items-md-center align-items-center style-942 style-local-1541-c17 position-relative\">\n    <!---->\n    <!---->\n    <div class=\"h-section-grid-container h-section-boxed-container\">\n      <!---->\n      <div data-colibri-id=\"1541-c37\" class=\"h-row-container gutters-row-lg-2 gutters-row-md-2 gutters-row-0 gutters-row-v-lg-2 gutters-row-v-md-2 gutters-row-v-2 style-950 style-local-1541-c37 position-relative\">\n        <!---->\n        <div class=\"h-row justify-content-lg-center justify-content-md-center justify-content-center align-items-lg-stretch align-items-md-stretch align-items-stretch gutters-col-lg-2 gutters-col-md-2 gutters-col-0 gutters-col-v-lg-2 gutters-col-v-md-2 gutters-col-v-2\">\n          <!---->\n          <div class=\"h-column h-column-container d-flex h-col-lg-auto h-col-md-auto h-col-auto style-951-outer style-local-1541-c38-outer\">\n            <div data-colibri-id=\"1541-c38\" class=\"d-flex h-flex-basis h-column__inner h-px-lg-2 h-px-md-2 h-px-2 v-inner-lg-2 v-inner-md-2 v-inner-2 style-951 style-local-1541-c38 position-relative\">\n              <!---->\n              <!---->\n              <div class=\"w-100 h-y-container h-column__content h-column__v-align flex-basis-100 align-self-lg-start align-self-md-start align-self-start\">\n                <!---->\n                <div data-colibri-id=\"1541-c39\" class=\"h-text h-text-component style-952 style-local-1541-c39 position-relative h-element\">\n                  <!---->\n                  <!---->\n                  <div class=\"\">\n                    <p>Wybierz, kt\u00f3re urodziny plaujesz?<\/p>\n                  <\/div>\n                <\/div>\n              <\/div>\n            <\/div>\n          <\/div>\n        <\/div>\n      <\/div>\n      <div data-colibri-id=\"1541-c18\" class=\"h-row-container gutters-row-lg-0 gutters-row-md-0 gutters-row-2 gutters-row-v-lg-0 gutters-row-v-md-0 gutters-row-v-2 style-943 style-local-1541-c18 position-relative\">\n        <!---->\n        <div class=\"h-row justify-content-lg-center justify-content-md-center justify-content-center align-items-lg-stretch align-items-md-stretch align-items-stretch gutters-col-lg-0 gutters-col-md-0 gutters-col-2 gutters-col-v-lg-0 gutters-col-v-md-0 gutters-col-v-2\">\n          <!---->\n          <div class=\"h-column h-column-container d-flex h-col-lg-4 h-col-md-4 h-col-12 style-944-outer style-local-1541-c19-outer\">\n            <div data-colibri-id=\"1541-c19\" class=\"d-flex h-flex-basis h-column__inner h-px-lg-3 h-px-md-3 h-px-2 v-inner-lg-3 v-inner-md-3 v-inner-2 style-944 style-local-1541-c19 position-relative\">\n              <!---->\n              <!---->\n              <div class=\"w-100 h-y-container h-column__content h-column__v-align flex-basis-100 align-self-lg-start align-self-md-start align-self-start\">\n                <!---->\n                <div data-colibri-id=\"1541-c21\" class=\"h-global-transition-all h-heading style-946 style-local-1541-c21 position-relative h-element\">\n                  <!---->\n                  <div class=\"h-heading__outer style-946 style-local-1541-c21\">\n                    <!---->\n                    <!---->\n                    <h3 class=\"\">18<\/h3>\n                  <\/div>\n                <\/div>\n                <div data-colibri-id=\"1541-c22\" class=\"h-text h-text-component style-947 style-local-1541-c22 position-relative h-element\">\n                  <!---->\n                  <!---->\n                  <div class=\"\">\n                    <p>&nbsp;doros\u0142o\u015bc<\/p>\n                    <p> <\/p>\n                    <p>muzyka&nbsp;<\/p>\n                  <\/div>\n                <\/div>\n                <div data-colibri-id=\"1541-c23\" class=\"h-x-container style-948 style-local-1541-c23 position-relative h-element\">\n                  <!---->\n                  <div class=\"h-x-container-inner style-dynamic-1541-c23-group style-948-spacing style-local-1541-c23-spacing\"><span class=\"h-link__outer style-949-outer style-local-1541-c24-outer d-inline-flex h-element\"><a h-use-smooth-scroll=\"true\" href=\"cedrosmart@gmail.com\"  data-colibri-id=\"1541-c24\" class=\"d-flex w-100 align-items-center h-link style-949 style-local-1541-c24 position-relative\"><!----><!----> <span>Wybieram to<\/span>                    <span class=\"h-svg-icon h-link__icon style-949-icon style-local-1541-c24-icon\"><!--Icon by Font Awesome (https:\/\/fontawesome.com)-->\n    <svg version=\"1.1\" xmlns=\"http:\/\/www.w3.org\/2000\/svg\" xmlns:xlink=\"http:\/\/www.w3.org\/1999\/xlink\" id=\"envelope-o\" viewBox=\"0 0 1792 1896.0833\">\n      <path d=\"M1664 1504V736q-32 36-69 66-268 206-426 338-51 43-83 67t-86.5 48.5T897 1280h-2q-48 0-102.5-24.5T706 1207t-83-67q-158-132-426-338-37-30-69-66v768q0 13 9.5 22.5t22.5 9.5h1472q13 0 22.5-9.5t9.5-22.5zm0-1051v-24.5l-.5-13-3-12.5-5.5-9-9-7.5-14-2.5H160q-13 0-22.5 9.5T128 416q0 168 147 284 193 152 401 317 6 5 35 29.5t46 37.5 44.5 31.5T852 1143t43 9h2q20 0 43-9t50.5-27.5 44.5-31.5 46-37.5 35-29.5q208-165 401-317 54-43 100.5-115.5T1664 453zm128-37v1088q0 66-47 113t-113 47H160q-66 0-113-47T0 1504V416q0-66 47-113t113-47h1472q66 0 113 47t47 113z\"><\/path>\n    <\/svg><\/span><\/a>\n                    <\/span>\n                  <\/div>\n                <\/div>\n              <\/div>\n            <\/div>\n          <\/div>\n          <div class=\"h-column h-column-container d-flex h-col-lg-4 h-col-md-4 h-col-12 style-944-outer style-local-1541-c25-outer\">\n            <div data-colibri-id=\"1541-c25\" class=\"d-flex h-flex-basis h-column__inner h-px-lg-3 h-px-md-3 h-px-2 v-inner-lg-3 v-inner-md-3 v-inner-2 style-944 style-local-1541-c25 position-relative\">\n              <!---->\n              <!---->\n              <div class=\"w-100 h-y-container h-column__content h-column__v-align flex-basis-100 align-self-lg-start align-self-md-start align-self-start\">\n                <!---->\n                <div data-colibri-id=\"1541-c27\" class=\"h-global-transition-all h-heading style-946 style-local-1541-c27 position-relative h-element\">\n                  <!---->\n                  <div class=\"h-heading__outer style-946 style-local-1541-c27\">\n                    <!---->\n                    <!---->\n                    <h3 class=\"\">30<\/h3>\n                  <\/div>\n                <\/div>\n                <div data-colibri-id=\"1541-c28\" class=\"h-text h-text-component style-947 style-local-1541-c28 position-relative h-element\">\n                  <!---->\n                  <!---->\n                  <div class=\"\">\n                    <p>szalony wiecznie m\u0142ody&nbsp;<\/p>\n                    <p>gruba impr,<\/p>\n                    <p>\n                      <br>\n                    <\/p>\n                  <\/div>\n                <\/div>\n                <div data-colibri-id=\"1541-c29\" class=\"h-x-container style-948 style-local-1541-c29 position-relative h-element\">\n                  <!---->\n                  <div class=\"h-x-container-inner style-dynamic-1541-c29-group style-948-spacing style-local-1541-c29-spacing\"><span class=\"h-link__outer style-949-outer style-local-1541-c30-outer d-inline-flex h-element\"><a h-use-smooth-scroll=\"true\" href=\"cedrosmart@gmail.com \"  data-colibri-id=\"1541-c30\" class=\"d-flex w-100 align-items-center h-link style-949 style-local-1541-c30 position-relative\"><!----><!----> <span>Wybieram to<\/span>                    <span class=\"h-svg-icon h-link__icon style-949-icon style-local-1541-c30-icon\"><!--Icon by Font Awesome (https:\/\/fontawesome.com)-->\n    <svg version=\"1.1\" xmlns=\"http:\/\/www.w3.org\/2000\/svg\" xmlns:xlink=\"http:\/\/www.w3.org\/1999\/xlink\" id=\"envelope-o\" viewBox=\"0 0 1792 1896.0833\">\n      <path d=\"M1664 1504V736q-32 36-69 66-268 206-426 338-51 43-83 67t-86.5 48.5T897 1280h-2q-48 0-102.5-24.5T706 1207t-83-67q-158-132-426-338-37-30-69-66v768q0 13 9.5 22.5t22.5 9.5h1472q13 0 22.5-9.5t9.5-22.5zm0-1051v-24.5l-.5-13-3-12.5-5.5-9-9-7.5-14-2.5H160q-13 0-22.5 9.5T128 416q0 168 147 284 193 152 401 317 6 5 35 29.5t46 37.5 44.5 31.5T852 1143t43 9h2q20 0 43-9t50.5-27.5 44.5-31.5 46-37.5 35-29.5q208-165 401-317 54-43 100.5-115.5T1664 453zm128-37v1088q0 66-47 113t-113 47H160q-66 0-113-47T0 1504V416q0-66 47-113t113-47h1472q66 0 113 47t47 113z\"><\/path>\n    <\/svg><\/span><\/a>\n                    <\/span>\n                  <\/div>\n                <\/div>\n              <\/div>\n            <\/div>\n          <\/div>\n          <div class=\"h-column h-column-container d-flex h-col-lg-4 h-col-md-4 h-col-12 style-944-outer style-local-1541-c31-outer\">\n            <div data-colibri-id=\"1541-c31\" class=\"d-flex h-flex-basis h-column__inner h-px-lg-3 h-px-md-3 h-px-2 v-inner-lg-3 v-inner-md-3 v-inner-2 style-944 style-local-1541-c31 position-relative\">\n              <!---->\n              <!---->\n              <div class=\"w-100 h-y-container h-column__content h-column__v-align flex-basis-100 align-self-lg-start align-self-md-start align-self-start\">\n                <!---->\n                <div data-colibri-id=\"1541-c33\" class=\"h-global-transition-all h-heading style-946 style-local-1541-c33 position-relative h-element\">\n                  <!---->\n                  <div class=\"h-heading__outer style-946 style-local-1541-c33\">\n                    <!---->\n                    <!---->\n                    <h3 class=\"\"><span data-animation-duration=\"2.2\" data-type-animation=\"rotate-1\" data-colibri-component=\"fancy-title\"><span class=\"ah-headline rotate-1\"><span style=\"position: relative\" class=\"ah-words-wrapper\"><b class=\"is-visible\">40<\/b><b>50<\/b><\/span><\/span>\n                      <\/span>\n                    <\/h3>\n                  <\/div>\n                <\/div>\n                <div data-colibri-id=\"1541-c34\" class=\"h-text h-text-component style-947 style-local-1541-c34 position-relative h-element\">\n                  <!---->\n                  <!---->\n                  <div class=\"\">\n                    <p>Doj\u017ca\u0142y \u017cyciowo<\/p>\n                    <p>\n                      <br>\n                    <\/p>\n                    <p> spe\u0142niony&nbsp;<\/p>\n                  <\/div>\n                <\/div>\n                <div data-colibri-id=\"1541-c35\" class=\"h-x-container style-948 style-local-1541-c35 position-relative h-element\">\n                  <!---->\n                  <div class=\"h-x-container-inner style-dynamic-1541-c35-group style-948-spacing style-local-1541-c35-spacing\"><span class=\"h-link__outer style-949-outer style-local-1541-c36-outer d-inline-flex h-element\"><a h-use-smooth-scroll=\"true\" href=\"\"  data-colibri-id=\"1541-c36\" class=\"d-flex w-100 align-items-center h-link style-949 style-local-1541-c36 position-relative\"><!----><!----> <span>Wybieram to<\/span>                    <span class=\"h-svg-icon h-link__icon style-949-icon style-local-1541-c36-icon\"><!--Icon by Font Awesome (https:\/\/fontawesome.com)-->\n    <svg version=\"1.1\" xmlns=\"http:\/\/www.w3.org\/2000\/svg\" xmlns:xlink=\"http:\/\/www.w3.org\/1999\/xlink\" id=\"envelope-o\" viewBox=\"0 0 1792 1896.0833\">\n      <path d=\"M1664 1504V736q-32 36-69 66-268 206-426 338-51 43-83 67t-86.5 48.5T897 1280h-2q-48 0-102.5-24.5T706 1207t-83-67q-158-132-426-338-37-30-69-66v768q0 13 9.5 22.5t22.5 9.5h1472q13 0 22.5-9.5t9.5-22.5zm0-1051v-24.5l-.5-13-3-12.5-5.5-9-9-7.5-14-2.5H160q-13 0-22.5 9.5T128 416q0 168 147 284 193 152 401 317 6 5 35 29.5t46 37.5 44.5 31.5T852 1143t43 9h2q20 0 43-9t50.5-27.5 44.5-31.5 46-37.5 35-29.5q208-165 401-317 54-43 100.5-115.5T1664 453zm128-37v1088q0 66-47 113t-113 47H160q-66 0-113-47T0 1504V416q0-66 47-113t113-47h1472q66 0 113 47t47 113z\"><\/path>\n    <\/svg><\/span><\/a>\n                    <\/span>\n                  <\/div>\n                <\/div>\n              <\/div>\n            <\/div>\n          <\/div>\n        <\/div>\n      <\/div>\n    <\/div>\n  <\/div>\n<\/div>","protected":false},"excerpt":{"rendered":"<p>URODZINYBEAUTYFUL&nbsp;18&nbsp;MOCNE&nbsp;40&nbsp;LAT30&nbsp;URODZINY18&nbsp;URODZINY&nbsp;20&nbsp;URODZINYCZAS&nbsp;WYPRAWI\u010650&nbsp;LAT Studni\u00f3wka Impreza Firmowa Urodziny Dopasowanie muzyki stylu grania sprzetu do sali i [&hellip;]<\/p>\n","protected":false},"author":1,"featured_media":0,"parent":0,"menu_order":0,"comment_status":"closed","ping_status":"closed","template":"page-templates\/full-width-page.php","meta":{"footnotes":""},"class_list":["post-1541","page","type-page","status-publish","hentry"],"_links":{"self":[{"href":"https:\/\/imprezyprywatne.pl\/index.php\/wp-json\/wp\/v2\/pages\/1541","targetHints":{"allow":["GET"]}}],"collection":[{"href":"https:\/\/imprezyprywatne.pl\/index.php\/wp-json\/wp\/v2\/pages"}],"about":[{"href":"https:\/\/imprezyprywatne.pl\/index.php\/wp-json\/wp\/v2\/types\/page"}],"author":[{"embeddable":true,"href":"https:\/\/imprezyprywatne.pl\/index.php\/wp-json\/wp\/v2\/users\/1"}],"replies":[{"embeddable":true,"href":"https:\/\/imprezyprywatne.pl\/index.php\/wp-json\/wp\/v2\/comments?post=1541"}],"version-history":[{"count":20,"href":"https:\/\/imprezyprywatne.pl\/index.php\/wp-json\/wp\/v2\/pages\/1541\/revisions"}],"predecessor-version":[{"id":2606,"href":"https:\/\/imprezyprywatne.pl\/index.php\/wp-json\/wp\/v2\/pages\/1541\/revisions\/2606"}],"wp:attachment":[{"href":"https:\/\/imprezyprywatne.pl\/index.php\/wp-json\/wp\/v2\/media?parent=1541"}],"curies":[{"name":"wp","href":"https:\/\/api.w.org\/{rel}","templated":true}]}}