{"id":1475,"date":"2026-02-25T20:52:18","date_gmt":"2026-02-25T20:52:18","guid":{"rendered":"http:\/\/imprezyprywatne.pl\/?page_id=1475"},"modified":"2026-04-03T22:12:58","modified_gmt":"2026-04-03T22:12:58","slug":"colibri-1475","status":"publish","type":"page","link":"https:\/\/imprezyprywatne.pl\/index.php\/colibri-1475\/","title":{"rendered":"IMPREZY OKOLICZNO\u015aCIOWE"},"content":{"rendered":"<div data-colibri-id=\"1475-c1\" class=\"style-598 style-local-1475-c1 position-relative\">\r\n  <!---->\r\n  <div data-colibri-component=\"section\" data-colibri-id=\"1475-c2\" id=\"about\" class=\"h-section h-section-global-spacing d-flex align-items-lg-center align-items-md-center align-items-center style-599 style-local-1475-c2 position-relative\">\r\n    <!---->\r\n    <!---->\r\n    <div class=\"h-section-grid-container h-section-boxed-container\">\r\n      <!---->\r\n      <div data-colibri-id=\"1475-c3\" class=\"h-row-container gutters-row-lg-0 gutters-row-md-0 gutters-row-0 gutters-row-v-lg-0 gutters-row-v-md-0 gutters-row-v-0 style-600 style-local-1475-c3 position-relative\">\r\n        <!---->\r\n        <div class=\"h-row justify-content-lg-center justify-content-md-center justify-content-center align-items-lg-stretch align-items-md-stretch align-items-stretch gutters-col-lg-0 gutters-col-md-0 gutters-col-0 gutters-col-v-lg-0 gutters-col-v-md-0 gutters-col-v-0\">\r\n          <!---->\r\n          <div class=\"h-column h-column-container d-flex h-col-lg-auto h-col-md-auto h-col-auto style-601-outer style-local-1475-c4-outer\">\r\n            <div data-colibri-id=\"1475-c4\" class=\"d-flex h-flex-basis h-column__inner h-px-lg-0 h-px-md-0 h-px-0 v-inner-lg-0 v-inner-md-0 v-inner-0 style-601 style-local-1475-c4 position-relative\">\r\n              <!---->\r\n              <!---->\r\n              <div class=\"w-100 h-y-container h-column__content h-column__v-align flex-basis-100 align-self-lg-start align-self-md-start align-self-start\">\r\n                <!---->\r\n                <div data-colibri-id=\"1475-c5\" class=\"h-global-transition-all h-heading style-603 style-local-1475-c5 position-relative h-element\">\r\n                  <!---->\r\n                  <div class=\"h-heading__outer style-603 style-local-1475-c5\">\r\n                    <!---->\r\n                    <!---->\r\n                    <h3 class=\"\">18. 30. 40. 50.<\/h3>\r\n                  <\/div>\r\n                <\/div>\r\n                <div data-colibri-id=\"1475-c6\" class=\"h-text h-text-component style-936 style-local-1475-c6 position-relative h-element\">\r\n                  <!---->\r\n                  <!---->\r\n                  <div class=\"\">\r\n                    <p>Kt\u00f3re URODZINY chcesz wyprawi\u0107 ?<\/p>\r\n                  <\/div>\r\n                <\/div>\r\n                <div data-colibri-id=\"1475-c7\" class=\"h-text h-text-component style-604 style-local-1475-c7 position-relative h-element\">\r\n                  <!---->\r\n                  <!---->\r\n                  <div class=\"\">\r\n                    <p>Dopasowanie muzyki stylu grania sprzetu do sali i typu wydarzenia to prosta sprawa. Dla nas.&nbsp;<\/p>\r\n                    <p>By wzmocni\u0107 odbi\u00f3r muzyki, dopasujemy odpowiednie \u015bwiat\u0142a. W\u0142a\u015bciwie dobrane i ustawione maj\u0105 ogromny potencja\u0142, potrafi\u0105 przeobrazi\u0107 w wyj\u0105tkowe i urokliwe miejsce.<\/p>\r\n                  <\/div>\r\n                <\/div>\r\n              <\/div>\r\n            <\/div>\r\n          <\/div>\r\n          <div class=\"h-column h-column-container d-flex h-col-lg-auto h-col-md-auto h-col-auto style-605-outer style-local-1475-c8-outer\">\r\n            <div data-colibri-id=\"1475-c8\" class=\"d-flex h-flex-basis h-column__inner h-ui-empty-state-container h-px-lg-2 h-px-md-2 h-px-2 v-inner-lg-2 v-inner-md-2 v-inner-2 style-605 style-local-1475-c8 position-relative\">\r\n              <!---->\r\n              <!---->\r\n              <div class=\"w-100 h-y-container h-column__content h-column__v-align flex-basis-100\">\r\n                <!---->\r\n              <\/div>\r\n            <\/div>\r\n          <\/div>\r\n        <\/div>\r\n      <\/div>\r\n    <\/div>\r\n  <\/div>\r\n  <div data-colibri-component=\"section\" data-colibri-id=\"1475-c9\" id=\"testimonials-2\" class=\"h-section h-section-global-spacing d-flex align-items-lg-center align-items-md-center align-items-center style-1394 style-local-1475-c9 position-relative\">\r\n    <!---->\r\n    <!---->\r\n    <div class=\"h-separator\" style=\"height: 20px; bottom: calc(0px);\">\r\n      <svg style=\"fill:#03a9f4;\" xmlns=\"http:\/\/www.w3.org\/2000\/svg\" viewBox=\"0 0 1000 100\" preserveAspectRatio=\"none\">\r\n        <path class=\"svg-white-bg\" d=\"M737.9,94.7L0,0v100h1000V0L737.9,94.7z\"><\/path>\r\n      <\/svg>\r\n    <\/div>\r\n    <div class=\"h-section-grid-container h-section-boxed-container\">\r\n      <div data-colibri-id=\"1475-c29\" class=\"h-row-container gutters-row-lg-2 gutters-row-md-2 gutters-row-0 gutters-row-v-lg-2 gutters-row-v-md-2 gutters-row-v-2 style-1402 style-local-1475-c29 position-relative\">\r\n        <!---->\r\n        <div class=\"h-row justify-content-lg-center justify-content-md-center justify-content-center align-items-lg-stretch align-items-md-stretch align-items-stretch gutters-col-lg-2 gutters-col-md-2 gutters-col-0 gutters-col-v-lg-2 gutters-col-v-md-2 gutters-col-v-2\">\r\n          <!---->\r\n          <div class=\"h-column h-column-container d-flex h-col-lg-auto h-col-md-auto h-col-auto style-1403-outer style-local-1475-c30-outer\">\r\n            <div data-colibri-id=\"1475-c30\" class=\"d-flex h-flex-basis h-column__inner h-px-lg-2 h-px-md-2 h-px-2 v-inner-lg-2 v-inner-md-2 v-inner-2 style-1403 style-local-1475-c30 position-relative\">\r\n              <!---->\r\n              <!---->\r\n              <div class=\"w-100 h-y-container h-column__content h-column__v-align flex-basis-100 align-self-lg-start align-self-md-start align-self-start\">\r\n                <!---->\r\n                <div data-colibri-id=\"1475-c31\" class=\"h-global-transition-all h-heading style-1404 style-local-1475-c31 position-relative h-element\">\r\n                  <!---->\r\n                  <div class=\"h-heading__outer style-1404 style-local-1475-c31\">\r\n                    <!---->\r\n                    <!---->\r\n                    <h2 class=\"\">Kt\u00f3re chcesz wyprawic?<\/h2>\r\n                  <\/div>\r\n                <\/div>\r\n                <div data-colibri-id=\"1475-c32\" class=\"h-lead h-text h-text-component style-1405 style-local-1475-c32 position-relative h-element\">\r\n                  <!---->\r\n                  <!---->\r\n                  <div class=\"\">\r\n                    <p>ustalmy szczeg\u00f3\u0142y<\/p>\r\n                  <\/div>\r\n                <\/div>\r\n              <\/div>\r\n            <\/div>\r\n          <\/div>\r\n        <\/div>\r\n      <\/div>\r\n      <div data-colibri-id=\"1475-c10\" class=\"h-row-container gutters-row-lg-3 gutters-row-md-3 gutters-row-0 gutters-row-v-lg-3 gutters-row-v-md-3 gutters-row-v-3 style-1395 style-local-1475-c10 position-relative\">\r\n        <!---->\r\n        <div class=\"h-row justify-content-lg-center justify-content-md-center justify-content-center align-items-lg-stretch align-items-md-stretch align-items-stretch gutters-col-lg-3 gutters-col-md-3 gutters-col-0 gutters-col-v-lg-3 gutters-col-v-md-3 gutters-col-v-3\">\r\n          <!---->\r\n          <div class=\"h-column h-column-container d-flex h-col-lg-4 h-col-md-6 h-col-12 style-1396-outer style-local-1475-c11-outer\">\r\n            <div data-colibri-id=\"1475-c11\" class=\"d-flex h-flex-basis h-column__inner h-px-lg-3 h-px-md-3 h-px-3 v-inner-lg-3 v-inner-md-3 v-inner-3 style-1396 style-local-1475-c11 position-relative\">\r\n              <!---->\r\n              <!---->\r\n              <div class=\"w-100 h-y-container h-column__content h-column__v-align flex-basis-100 align-self-lg-start align-self-md-start align-self-start\">\r\n                <!---->\r\n                <div data-colibri-id=\"1475-c12\" class=\"h-icon style-1397 style-local-1475-c12 position-relative h-element\">\r\n                  <!----><span class=\"h-svg-icon h-icon__icon style-1397-icon style-local-1475-c12-icon\"><!--Icon by Font Awesome (https:\/\/fontawesome.com)-->\r\n    <svg version=\"1.1\" xmlns=\"http:\/\/www.w3.org\/2000\/svg\" xmlns:xlink=\"http:\/\/www.w3.org\/1999\/xlink\" id=\"quote-right\" viewBox=\"0 0 1664 1896.0833\">\r\n      <path d=\"M768 320v704q0 104-40.5 198.5T618 1386t-163.5 109.5T256 1536h-64q-26 0-45-19t-19-45v-128q0-26 19-45t45-19h64q106 0 181-75t75-181v-32q0-40-28-68t-68-28H192q-80 0-136-56T0 704V320q0-80 56-136t136-56h384q80 0 136 56t56 136zm896 0v704q0 104-40.5 198.5T1514 1386t-163.5 109.5T1152 1536h-64q-26 0-45-19t-19-45v-128q0-26 19-45t45-19h64q106 0 181-75t75-181v-32q0-40-28-68t-68-28h-224q-80 0-136-56t-56-136V320q0-80 56-136t136-56h384q80 0 136 56t56 136z\"><\/path>\r\n    <\/svg><\/span><\/div>\r\n                <div data-colibri-id=\"1475-c13\" class=\"h-text h-text-component style-1398 style-local-1475-c13 position-relative h-element\">\r\n                  <!---->\r\n                  <!---->\r\n                  <div class=\"\">\r\n                    <p>Wej\u015bcie w doros\u0142o\u015b\u0107, kt\u00f3re zas\u0142uguje na niezapomnian\u0105 opraw\u0119.<\/p>\r\n                  <\/div>\r\n                <\/div>\r\n                <div data-colibri-id=\"1475-c14\" class=\"d-block style-1399 style-local-1475-c14 position-relative h-element\">\r\n                  <!---->\r\n                  <div class=\"h-image__frame-container-outer\">\r\n                    <div class=\"h-image__frame-container\">\r\n                      <!---->\r\n                      <!---->\r\n                      <img loading=\"lazy\" decoding=\"async\" width=\"763\" height=\"676\" src=\"https:\/\/imprezyprywatne.pl\/wp-content\/uploads\/2026\/03\/cropped-prez-1.png\" class=\"wp-image-3751 style-1399-image style-local-1475-c14-image\" alt=\"\" srcset=\"https:\/\/imprezyprywatne.pl\/wp-content\/uploads\/2026\/03\/cropped-prez-1.png 763w, https:\/\/imprezyprywatne.pl\/wp-content\/uploads\/2026\/03\/cropped-prez-1-300x266.png 300w\" sizes=\"auto, (max-width: 763px) 100vw, 763px\" \/>\r\n                      <div class=\"h-image__frame h-hide-lg h-hide-md h-hide-sm style-1399-frameImage style-local-1475-c14-frameImage\"><\/div>\r\n                    <\/div>\r\n                  <\/div>\r\n                <\/div>\r\n                <div data-colibri-id=\"1475-c15\" class=\"h-global-transition-all h-heading style-1400 style-local-1475-c15 position-relative h-element\">\r\n                  <!---->\r\n                  <div class=\"h-heading__outer style-1400 style-local-1475-c15\">\r\n                    <!---->\r\n                    <!---->\r\n                    <h5 class=\"\">18 &#8211; 20stka<\/h5>\r\n                  <\/div>\r\n                <\/div>\r\n                <div data-colibri-id=\"1475-c16\" class=\"h-text h-text-component style-1401 style-local-1475-c16 position-relative h-element\">\r\n                  <!---->\r\n                  <!---->\r\n                  <div class=\"\">\r\n                    <p>Twoja impreza bedzie pe\u0142na energii, \u015bwietnej muzyki i atmosfery, dla znajomych i rodziny.<\/p>\r\n                  <\/div>\r\n                <\/div>\r\n              <\/div>\r\n            <\/div>\r\n          <\/div>\r\n          <div class=\"h-column h-column-container d-flex h-col-lg-4 h-col-md-6 h-col-12 style-1396-outer style-local-1475-c17-outer\">\r\n            <div data-colibri-id=\"1475-c17\" class=\"d-flex h-flex-basis h-column__inner h-px-lg-3 h-px-md-3 h-px-3 v-inner-lg-3 v-inner-md-3 v-inner-3 style-1396 style-local-1475-c17 position-relative\">\r\n              <!---->\r\n              <!---->\r\n              <div class=\"w-100 h-y-container h-column__content h-column__v-align flex-basis-100 align-self-lg-start align-self-md-start align-self-start\">\r\n                <!---->\r\n                <div data-colibri-id=\"1475-c18\" class=\"h-icon style-1397 style-local-1475-c18 position-relative h-element\">\r\n                  <!----><span class=\"h-svg-icon h-icon__icon style-1397-icon style-local-1475-c18-icon\"><!--Icon by Font Awesome (https:\/\/fontawesome.com)-->\r\n    <svg version=\"1.1\" xmlns=\"http:\/\/www.w3.org\/2000\/svg\" xmlns:xlink=\"http:\/\/www.w3.org\/1999\/xlink\" id=\"quote-right\" viewBox=\"0 0 1664 1896.0833\">\r\n      <path d=\"M768 320v704q0 104-40.5 198.5T618 1386t-163.5 109.5T256 1536h-64q-26 0-45-19t-19-45v-128q0-26 19-45t45-19h64q106 0 181-75t75-181v-32q0-40-28-68t-68-28H192q-80 0-136-56T0 704V320q0-80 56-136t136-56h384q80 0 136 56t56 136zm896 0v704q0 104-40.5 198.5T1514 1386t-163.5 109.5T1152 1536h-64q-26 0-45-19t-19-45v-128q0-26 19-45t45-19h64q106 0 181-75t75-181v-32q0-40-28-68t-68-28h-224q-80 0-136-56t-56-136V320q0-80 56-136t136-56h384q80 0 136 56t56 136z\"><\/path>\r\n    <\/svg><\/span><\/div>\r\n                <div data-colibri-id=\"1475-c19\" class=\"h-text h-text-component style-1398 style-local-1475-c19 position-relative h-element\">\r\n                  <!---->\r\n                  <!---->\r\n                  <div class=\"\">\r\n                    <p>Stylkowo i&nbsp;wyj\u0105tkowo. Trzydziestka to idealny moment, \u017ceby \u015bwi\u0119towa\u0107&nbsp;z klas\u0105, dobr\u0105 energi\u0105 i muzyk\u0105,<\/p>\r\n                  <\/div>\r\n                <\/div>\r\n                <div data-colibri-id=\"1475-c20\" class=\"d-block style-1399 style-local-1475-c20 position-relative h-element\">\r\n                  <!---->\r\n                  <div class=\"h-image__frame-container-outer\">\r\n                    <div class=\"h-image__frame-container\">\r\n                      <!---->\r\n                      <!---->\r\n                      <img loading=\"lazy\" decoding=\"async\" width=\"763\" height=\"676\" src=\"https:\/\/imprezyprywatne.pl\/wp-content\/uploads\/2026\/03\/cropped-prez-1.png\" class=\"wp-image-3751 style-1399-image style-local-1475-c20-image\" alt=\"\" srcset=\"https:\/\/imprezyprywatne.pl\/wp-content\/uploads\/2026\/03\/cropped-prez-1.png 763w, https:\/\/imprezyprywatne.pl\/wp-content\/uploads\/2026\/03\/cropped-prez-1-300x266.png 300w\" sizes=\"auto, (max-width: 763px) 100vw, 763px\" \/>\r\n                      <div class=\"h-image__frame h-hide-lg h-hide-md h-hide-sm style-1399-frameImage style-local-1475-c20-frameImage\"><\/div>\r\n                    <\/div>\r\n                  <\/div>\r\n                <\/div>\r\n                <div data-colibri-id=\"1475-c21\" class=\"h-global-transition-all h-heading style-1400 style-local-1475-c21 position-relative h-element\">\r\n                  <!---->\r\n                  <div class=\"h-heading__outer style-1400 style-local-1475-c21\">\r\n                    <!---->\r\n                    <!---->\r\n                    <h5 class=\"\">30-40stka<\/h5>\r\n                  <\/div>\r\n                <\/div>\r\n                <div data-colibri-id=\"1475-c22\" class=\"h-text h-text-component style-1401 style-local-1475-c22 position-relative h-element\">\r\n                  <!---->\r\n                  <!---->\r\n                  <div class=\"\">\r\n                    <p>Elegancka, imprezowa, klubowa \u2013 dopasowuj\u0119 styl do Ciebie i Twoich go\u015bci.<\/p>\r\n                  <\/div>\r\n                <\/div>\r\n              <\/div>\r\n            <\/div>\r\n          <\/div>\r\n          <div class=\"h-column h-column-container d-flex h-col-lg-4 h-col-md-6 h-col-12 style-1396-outer style-local-1475-c23-outer\">\r\n            <div data-colibri-id=\"1475-c23\" class=\"d-flex h-flex-basis h-column__inner h-px-lg-3 h-px-md-3 h-px-3 v-inner-lg-3 v-inner-md-3 v-inner-3 style-1396 style-local-1475-c23 position-relative\">\r\n              <!---->\r\n              <!---->\r\n              <div class=\"w-100 h-y-container h-column__content h-column__v-align flex-basis-100 align-self-lg-start align-self-md-start align-self-start\">\r\n                <!---->\r\n                <div data-colibri-id=\"1475-c24\" class=\"h-icon style-1397 style-local-1475-c24 position-relative h-element\">\r\n                  <!----><span class=\"h-svg-icon h-icon__icon style-1397-icon style-local-1475-c24-icon\"><!--Icon by Font Awesome (https:\/\/fontawesome.com)-->\r\n    <svg version=\"1.1\" xmlns=\"http:\/\/www.w3.org\/2000\/svg\" xmlns:xlink=\"http:\/\/www.w3.org\/1999\/xlink\" id=\"quote-right\" viewBox=\"0 0 1664 1896.0833\">\r\n      <path d=\"M768 320v704q0 104-40.5 198.5T618 1386t-163.5 109.5T256 1536h-64q-26 0-45-19t-19-45v-128q0-26 19-45t45-19h64q106 0 181-75t75-181v-32q0-40-28-68t-68-28H192q-80 0-136-56T0 704V320q0-80 56-136t136-56h384q80 0 136 56t56 136zm896 0v704q0 104-40.5 198.5T1514 1386t-163.5 109.5T1152 1536h-64q-26 0-45-19t-19-45v-128q0-26 19-45t45-19h64q106 0 181-75t75-181v-32q0-40-28-68t-68-28h-224q-80 0-136-56t-56-136V320q0-80 56-136t136-56h384q80 0 136 56t56 136z\"><\/path>\r\n    <\/svg><\/span><\/div>\r\n                <div data-colibri-id=\"1475-c25\" class=\"h-text h-text-component style-1398 style-local-1475-c25 position-relative h-element\">\r\n                  <!---->\r\n                  <!---->\r\n                  <div class=\"\">\r\n                    <p>50 Urodziny to pi\u0119kny jubileusz \u2013 moment, kt\u00f3ry warto uczci\u0107 w gronie najbli\u017cszych, z klas\u0105, dobr\u0105 muzyk\u0105 i wyj\u0105tkowym klimatem. To wydarzenie pe\u0142ne wspomnie\u0144, rado\u015bci, kt\u00f3re zas\u0142uguje na odpowiedni\u0105 opraw\u0119.<\/p>\r\n                  <\/div>\r\n                <\/div>\r\n                <div data-colibri-id=\"1475-c26\" class=\"d-block style-1399 style-local-1475-c26 position-relative h-element\">\r\n                  <!---->\r\n                  <div class=\"h-image__frame-container-outer\">\r\n                    <div class=\"h-image__frame-container\">\r\n                      <!---->\r\n                      <!---->\r\n                      <img loading=\"lazy\" decoding=\"async\" width=\"763\" height=\"676\" src=\"https:\/\/imprezyprywatne.pl\/wp-content\/uploads\/2026\/03\/cropped-prez-1.png\" class=\"wp-image-3751 style-1399-image style-local-1475-c26-image\" alt=\"\" srcset=\"https:\/\/imprezyprywatne.pl\/wp-content\/uploads\/2026\/03\/cropped-prez-1.png 763w, https:\/\/imprezyprywatne.pl\/wp-content\/uploads\/2026\/03\/cropped-prez-1-300x266.png 300w\" sizes=\"auto, (max-width: 763px) 100vw, 763px\" \/>\r\n                      <div class=\"h-image__frame h-hide-lg h-hide-md h-hide-sm style-1399-frameImage style-local-1475-c26-frameImage\"><\/div>\r\n                    <\/div>\r\n                  <\/div>\r\n                <\/div>\r\n                <div data-colibri-id=\"1475-c27\" class=\"h-global-transition-all h-heading style-1400 style-local-1475-c27 position-relative h-element\">\r\n                  <!---->\r\n                  <div class=\"h-heading__outer style-1400 style-local-1475-c27\">\r\n                    <!---->\r\n                    <!---->\r\n                    <h5 class=\"\">50-60tka<\/h5>\r\n                  <\/div>\r\n                <\/div>\r\n                <div data-colibri-id=\"1475-c28\" class=\"h-text h-text-component style-1401 style-local-1475-c28 position-relative h-element\">\r\n                  <!---->\r\n                  <!---->\r\n                  <div class=\"\">\r\n                    <p>Sprawdzone przeboje, klasyka i utwory, kt\u00f3re \u0142\u0105cz\u0105 pokolenia \u2013 tak, aby ka\u017cdy znalaz\u0142 co\u015b dla siebie.<\/p>\r\n                  <\/div>\r\n                <\/div>\r\n              <\/div>\r\n            <\/div>\r\n          <\/div>\r\n        <\/div>\r\n      <\/div>\r\n    <\/div>\r\n  <\/div>\r\n<\/div>","protected":false},"excerpt":{"rendered":"<p>18. 30. 40. 50. Kt\u00f3re URODZINY chcesz wyprawi\u0107 ? Dopasowanie muzyki stylu grania [&hellip;]<\/p>\n","protected":false},"author":1,"featured_media":0,"parent":0,"menu_order":0,"comment_status":"closed","ping_status":"closed","template":"page-templates\/full-width-page.php","meta":{"footnotes":""},"class_list":["post-1475","page","type-page","status-publish","hentry"],"_links":{"self":[{"href":"https:\/\/imprezyprywatne.pl\/index.php\/wp-json\/wp\/v2\/pages\/1475","targetHints":{"allow":["GET"]}}],"collection":[{"href":"https:\/\/imprezyprywatne.pl\/index.php\/wp-json\/wp\/v2\/pages"}],"about":[{"href":"https:\/\/imprezyprywatne.pl\/index.php\/wp-json\/wp\/v2\/types\/page"}],"author":[{"embeddable":true,"href":"https:\/\/imprezyprywatne.pl\/index.php\/wp-json\/wp\/v2\/users\/1"}],"replies":[{"embeddable":true,"href":"https:\/\/imprezyprywatne.pl\/index.php\/wp-json\/wp\/v2\/comments?post=1475"}],"version-history":[{"count":21,"href":"https:\/\/imprezyprywatne.pl\/index.php\/wp-json\/wp\/v2\/pages\/1475\/revisions"}],"predecessor-version":[{"id":4585,"href":"https:\/\/imprezyprywatne.pl\/index.php\/wp-json\/wp\/v2\/pages\/1475\/revisions\/4585"}],"wp:attachment":[{"href":"https:\/\/imprezyprywatne.pl\/index.php\/wp-json\/wp\/v2\/media?parent=1475"}],"curies":[{"name":"wp","href":"https:\/\/api.w.org\/{rel}","templated":true}]}}